{"id":10,"date":"2016-02-08T15:49:13","date_gmt":"2016-02-08T15:49:13","guid":{"rendered":"http:\/\/new.abbaye-st-denis.be\/?page_id=10"},"modified":"2020-05-14T16:08:54","modified_gmt":"2020-05-14T14:08:54","slug":"location","status":"publish","type":"page","link":"https:\/\/abbaye-st-denis.be\/index.php\/location\/","title":{"rendered":"Location"},"content":{"rendered":"<div class=\"item-page\">\n<p class=\"p2\">Louez l&rsquo;infrastructure pour vos activit\u00e9s et prestations\u2009:<br \/>\n<span class=\"s1\">Capacit\u00e9\u2009: jusqu\u2019\u00e0 200 personnes.<\/span><\/p>\n<p class=\"p2\">\n&#8211; S\u00e9minaires d\u2019entreprises, journ\u00e9es de travail, mises au vert, coworking.<br \/>\n&#8211; \u00c9ducation permanente (stages et formations)<br \/>\n&#8211; Activit\u00e9s de loisirs, culture, bien-\u00eatre<br \/>\n&#8211; Lieu d\u2019accueil pour des associations<br \/>\n&#8211; R\u00e9ceptions, cocktails<br \/>\n&#8211; Etc.<\/p>\n<p class=\"p2\" style=\"text-align: center;\">A VOTRE DISPOSITION<br \/>\n\/ Bar \/ Cuisine \/ Tables \/ Chaises \/ Vaisselle \/ Wifi \/ Projecteur&nbsp;<\/p>\n<p class=\"p1\" style=\"text-align: center;\">OCCUPER LE SITE<br \/>\nVous d\u00e9sirez organiser une manifestation en accord avec les lieux et la philosophie du site de l\u2019Abbaye?<\/p>\n<p class=\"p1\" style=\"text-align: left;\">Pour tout renseignement et devis :<\/p>\n<p class=\"p1\" style=\"text-align: center;\">info@abbaye-st-denis.be<\/p>\n<\/div>\n","protected":false},"excerpt":{"rendered":"<p>Louez l&rsquo;infrastructure pour vos activit\u00e9s et prestations\u2009: Capacit\u00e9\u2009: jusqu\u2019\u00e0 200 personnes. &#8211; S\u00e9minaires d\u2019entreprises, journ\u00e9es de travail, mises au vert, coworking. &#8211; \u00c9ducation permanente (stages et formations) &#8211; Activit\u00e9s de loisirs, culture, bien-\u00eatre &#8211; Lieu d\u2019accueil pour des associations &#8211; R\u00e9ceptions, cocktails &#8211; Etc. A VOTRE DISPOSITION \/ Bar \/ Cuisine \/ Tables \/ Chaises [&hellip;]<\/p>\n","protected":false},"author":3,"featured_media":153,"parent":0,"menu_order":0,"comment_status":"closed","ping_status":"closed","template":"","meta":{"footnotes":""},"class_list":["post-10","page","type-page","status-publish","has-post-thumbnail","hentry"],"_links":{"self":[{"href":"https:\/\/abbaye-st-denis.be\/index.php\/wp-json\/wp\/v2\/pages\/10","targetHints":{"allow":["GET"]}}],"collection":[{"href":"https:\/\/abbaye-st-denis.be\/index.php\/wp-json\/wp\/v2\/pages"}],"about":[{"href":"https:\/\/abbaye-st-denis.be\/index.php\/wp-json\/wp\/v2\/types\/page"}],"author":[{"embeddable":true,"href":"https:\/\/abbaye-st-denis.be\/index.php\/wp-json\/wp\/v2\/users\/3"}],"replies":[{"embeddable":true,"href":"https:\/\/abbaye-st-denis.be\/index.php\/wp-json\/wp\/v2\/comments?post=10"}],"version-history":[{"count":8,"href":"https:\/\/abbaye-st-denis.be\/index.php\/wp-json\/wp\/v2\/pages\/10\/revisions"}],"predecessor-version":[{"id":534,"href":"https:\/\/abbaye-st-denis.be\/index.php\/wp-json\/wp\/v2\/pages\/10\/revisions\/534"}],"wp:featuredmedia":[{"embeddable":true,"href":"https:\/\/abbaye-st-denis.be\/index.php\/wp-json\/wp\/v2\/media\/153"}],"wp:attachment":[{"href":"https:\/\/abbaye-st-denis.be\/index.php\/wp-json\/wp\/v2\/media?parent=10"}],"curies":[{"name":"wp","href":"https:\/\/api.w.org\/{rel}","templated":true}]}}