{"id":4,"date":"2016-02-08T15:38:38","date_gmt":"2016-02-08T15:38:38","guid":{"rendered":"http:\/\/new.abbaye-st-denis.be\/?page_id=4"},"modified":"2022-01-19T17:30:20","modified_gmt":"2022-01-19T16:30:20","slug":"accueil","status":"publish","type":"page","link":"https:\/\/abbaye-st-denis.be\/","title":{"rendered":"Accueil"},"content":{"rendered":"<h1 style=\"text-align: center;\">*** Site en r\u00e9novation ***<\/h1>\n<p>Toutes les infos de nos \u00e9v\u00e9nements &amp; activit\u00e9s sur notre page facebook :<\/p>\n<p style=\"text-align: center;\"><a href=\"https:\/\/www.facebook.com\/amisdelabbayedesaintdenis\">https:\/\/www.facebook.com\/amisdelabbayedesaintdenis<\/a><\/p>\n","protected":false},"excerpt":{"rendered":"<p>*** Site en r\u00e9novation *** Toutes les infos de nos \u00e9v\u00e9nements &amp; activit\u00e9s sur notre page facebook : https:\/\/www.facebook.com\/amisdelabbayedesaintdenis<\/p>\n","protected":false},"author":3,"featured_media":0,"parent":0,"menu_order":0,"comment_status":"closed","ping_status":"closed","template":"","meta":{"footnotes":""},"class_list":["post-4","page","type-page","status-publish","hentry"],"_links":{"self":[{"href":"https:\/\/abbaye-st-denis.be\/index.php\/wp-json\/wp\/v2\/pages\/4","targetHints":{"allow":["GET"]}}],"collection":[{"href":"https:\/\/abbaye-st-denis.be\/index.php\/wp-json\/wp\/v2\/pages"}],"about":[{"href":"https:\/\/abbaye-st-denis.be\/index.php\/wp-json\/wp\/v2\/types\/page"}],"author":[{"embeddable":true,"href":"https:\/\/abbaye-st-denis.be\/index.php\/wp-json\/wp\/v2\/users\/3"}],"replies":[{"embeddable":true,"href":"https:\/\/abbaye-st-denis.be\/index.php\/wp-json\/wp\/v2\/comments?post=4"}],"version-history":[{"count":16,"href":"https:\/\/abbaye-st-denis.be\/index.php\/wp-json\/wp\/v2\/pages\/4\/revisions"}],"predecessor-version":[{"id":637,"href":"https:\/\/abbaye-st-denis.be\/index.php\/wp-json\/wp\/v2\/pages\/4\/revisions\/637"}],"wp:attachment":[{"href":"https:\/\/abbaye-st-denis.be\/index.php\/wp-json\/wp\/v2\/media?parent=4"}],"curies":[{"name":"wp","href":"https:\/\/api.w.org\/{rel}","templated":true}]}}